{"id":51,"date":"2021-06-29T19:09:50","date_gmt":"2021-06-29T19:09:50","guid":{"rendered":"http:\/\/wordpress.carlossoriano.es\/woocommerce\/?page_id=51"},"modified":"2021-06-29T19:09:50","modified_gmt":"2021-06-29T19:09:50","slug":"acerca-de","status":"publish","type":"page","link":"https:\/\/wordpress.carlossoriano.es\/woocommerce\/acerca-de\/","title":{"rendered":"Acerca de"},"content":{"rendered":"\n<p>Este sitio web es un&nbsp;<strong>sitio de demostraci\u00f3n<\/strong>.<\/p>\n\n\n\n<p>Ha sido creado bajo la tecnolog\u00eda de WordPress. Usa el tema&nbsp;<a rel=\"noreferrer noopener\" href=\"https:\/\/woocommerce.com\/storefront\/\" target=\"_blank\">StoreFront<\/a>, creada por los chicos de&nbsp;<a rel=\"noreferrer noopener\" href=\"https:\/\/automattic.com\/\" target=\"_blank\">Automattic<\/a>. Los mismos que andan detr\u00e1s del desarrollo y mantenimiento de&nbsp;<a rel=\"noreferrer noopener\" href=\"https:\/\/es.wordpress.org\/\" target=\"_blank\">WordPress<\/a>&nbsp;y&nbsp;<a rel=\"noreferrer noopener\" href=\"https:\/\/woocommerce.com\/\" target=\"_blank\">WooCommerce<\/a>.<\/p>\n\n\n\n<p>Aunque debo aclarar que, este sitio web utiliza el cms gratuito de&nbsp;<a rel=\"noreferrer noopener\" href=\"https:\/\/es.wordpress.org\/\" target=\"_blank\">WordPress.org<\/a>, creado por&nbsp;<a rel=\"noreferrer noopener\" href=\"https:\/\/en.wikipedia.org\/wiki\/Mike_Little\" target=\"_blank\">Mike Little<\/a>&nbsp;y&nbsp;<a rel=\"noreferrer noopener\" href=\"https:\/\/es.wikipedia.org\/wiki\/Matt_Mullenweg\" target=\"_blank\">Matt Mullenweg<\/a>. All\u00e1 por 2003, a estos muchachos se les ocurre la loca idea de democratizar la capacidad para expresarnos en La Red. \u00a1Oh, Dios Mio!<\/p>\n\n\n\n<p>Y lo hicieron. Y crearon un c\u00f3digo que cualquiera, con los conocimientos oportunos, pudiera disponer de el, pero bajo unas directrices. Las llamadas \u00abCuatro Libertades Fundamentales\u00bb del \u00abc\u00f3digo abierto\u00bb:<\/p>\n\n\n\n<ul class=\"wp-block-list\"><li>La 1\u00aa libertad<ul><li>De ejecutar el programa para cualquier prop\u00f3sito.<\/li><\/ul><\/li><li>La 2\u00aa libertad<ul><li>De estudiar c\u00f3mo funciona el programa y cambiarlo para hacer lo que quieras.<\/li><\/ul><\/li><li>La 3\u00aa libertad<ul><li>De redistribuir.<\/li><\/ul><\/li><li>La 4\u00aa libertad<ul><li>De distribuir copias de tus versiones modificadas a otros.<\/li><\/ul><\/li><\/ul>\n\n\n\n<h2 class=\"wp-block-heading\">Pero \u00bfpor qu\u00e9 este sitio?<\/h2>\n\n\n\n<p>Para probar el funcionamiento de WooCommerce. Ni m\u00e1s, ni menos. As\u00ed que, ten en cuenta lo siguiente:<\/p>\n\n\n\n<ol class=\"wp-block-list\"><li>Aqu\u00ed NO SE VENDE NADA.<\/li><li>Todos los productos son ficticios.<\/li><li>Las pasarelas de pago, no realizar\u00e1n ninguna transacci\u00f3n comercial.<\/li><li>No se har\u00e1n p\u00fablicos los posibles comentarios que se realicen en las entradas de muestra del blog. Si quieres preguntarme algo, dir\u00edgete a la p\u00e1gina de \u00ab<a rel=\"noreferrer noopener\" href=\"https:\/\/carlossoriano.es\/contacto\/\" target=\"_blank\">C\u00f3ntacto<\/a>\u00ab.<\/li><li>NADA, ABSOLUTAMENTE NADA, de lo que se publique en este sitio web, ES REAL.<\/li><\/ol>\n\n\n\n<p>As\u00ed que, rel\u00e1jate y disfruta!<\/p>\n","protected":false},"excerpt":{"rendered":"<p>Este sitio web es un&nbsp;sitio de demostraci\u00f3n. Ha sido creado bajo la tecnolog\u00eda de WordPress. Usa el tema&nbsp;StoreFront, creada por los chicos de&nbsp;Automattic. Los mismos que andan detr\u00e1s del desarrollo y mantenimiento de&nbsp;WordPress&nbsp;y&nbsp;WooCommerce. Aunque debo aclarar que, este sitio web utiliza el cms gratuito de&nbsp;WordPress.org, creado por&nbsp;Mike Little&nbsp;y&nbsp;Matt Mullenweg. All\u00e1 por 2003, a estos muchachos [&hellip;]<\/p>\n","protected":false},"author":1,"featured_media":0,"parent":0,"menu_order":0,"comment_status":"closed","ping_status":"closed","template":"","meta":{"footnotes":""},"class_list":["post-51","page","type-page","status-publish","hentry"],"_links":{"self":[{"href":"https:\/\/wordpress.carlossoriano.es\/woocommerce\/wp-json\/wp\/v2\/pages\/51","targetHints":{"allow":["GET"]}}],"collection":[{"href":"https:\/\/wordpress.carlossoriano.es\/woocommerce\/wp-json\/wp\/v2\/pages"}],"about":[{"href":"https:\/\/wordpress.carlossoriano.es\/woocommerce\/wp-json\/wp\/v2\/types\/page"}],"author":[{"embeddable":true,"href":"https:\/\/wordpress.carlossoriano.es\/woocommerce\/wp-json\/wp\/v2\/users\/1"}],"replies":[{"embeddable":true,"href":"https:\/\/wordpress.carlossoriano.es\/woocommerce\/wp-json\/wp\/v2\/comments?post=51"}],"version-history":[{"count":1,"href":"https:\/\/wordpress.carlossoriano.es\/woocommerce\/wp-json\/wp\/v2\/pages\/51\/revisions"}],"predecessor-version":[{"id":52,"href":"https:\/\/wordpress.carlossoriano.es\/woocommerce\/wp-json\/wp\/v2\/pages\/51\/revisions\/52"}],"wp:attachment":[{"href":"https:\/\/wordpress.carlossoriano.es\/woocommerce\/wp-json\/wp\/v2\/media?parent=51"}],"curies":[{"name":"wp","href":"https:\/\/api.w.org\/{rel}","templated":true}]}}